{"id":169,"date":"2015-05-11T09:05:28","date_gmt":"2015-05-11T07:05:28","guid":{"rendered":"http:\/\/www.egliselatrompette.com\/?page_id=169"},"modified":"2015-05-19T18:20:05","modified_gmt":"2015-05-19T16:20:05","slug":"dons","status":"publish","type":"page","link":"http:\/\/www.egliselatrompette.com\/it\/dons\/","title":{"rendered":"Vos dons"},"content":{"rendered":"<p>Nous ne cessons de rendre gr\u00e2ce \u00e0 Dieu pour vos divers dons que vous faites \u00e0 son \u0153uvre par l&rsquo;interm\u00e9diaire de l&rsquo;Eglise la Trompette. Chaque semence que vous faites \u00e0 l&rsquo;EACT est utilis\u00e9e pour accomplir la mission: \u00ab\u00a0Pour la cause de l&rsquo;Evangile\u00a0\u00bb et au nom de notre Seigneur JESUS.<\/p>\n<p><strong>\u00a0\u00bb J&rsquo;ai \u00e9prouv\u00e9 une grande joie dans le Seigneur de ce que vous avez pu enfin renouveler l&rsquo;expression de vos sentiments pour moi ; vous y pensiez bien, mais l&rsquo;occasion vous manquait. J&rsquo;ai tout re\u00e7u, et je suis dans l&rsquo;abondance ; j&rsquo;ai \u00e9t\u00e9 combl\u00e9 de biens, en recevant par \u00c9paphrodite ce qui vient de vous comme un parfum de bonne odeur, un sacrifice que Dieu accepte, et qui lui est agr\u00e9able.<br \/>\nEt mon Dieu pourvoira \u00e0 tous vos besoins selon sa richesse, avec gloire, en J\u00e9sus Christ.\u00a0\u00bb<\/strong><br \/>\nPaul d\u00e9clara dans <strong>Philippiens 4 : 10 &#8211; 18<\/strong><\/p>\n<p>J\u00e9sus nous a promis dans <strong>Luc 6 : 38<\/strong><br \/>\n<strong>\u00a0\u00bb Donnez, et il vous sera donn\u00e9 : on versera dans votre sein une bonne mesure, serr\u00e9e, secou\u00e9e et qui d\u00e9borde ; car on vous mesurera avec la mesure dont vous vous serez servis.\u00a0\u00bb<\/strong><\/p>\n<p>En envoyant vos dons sachez que vous semez dans une bonne terre. Que Dieu vous b\u00e9nisse parce que vous \u00eates en cela en train d&rsquo;ob\u00e9ir \u00e0 sa Parole.<\/p>\n<p>Envoyez vos dons\u00a0en utilisant les coordonn\u00e9es bancaires qui suivent\u00a0:<\/p>\n<table>\n<tbody>\n<tr>\n<td width=\"177\">Code Banque<\/td>\n<td width=\"177\">Code Guichet<\/td>\n<td width=\"177\">Num\u00e9ro de Compte<\/td>\n<td width=\"177\">Cl\u00e9 RIB<\/td>\n<\/tr>\n<tr>\n<td width=\"177\"><strong>42559<\/strong><\/td>\n<td width=\"177\"><strong>00061<\/strong><\/td>\n<td width=\"177\"><strong>21028991403<\/strong><\/td>\n<td width=\"177\"><strong>17<\/strong><\/td>\n<\/tr>\n<\/tbody>\n<\/table>\n<p>&nbsp;<\/p>\n<p>Titulaire du compte : <strong>\u00c9glise \u00c9vang\u00e9lique La Trompette<\/strong><br \/>\nAdresse\u00a0: <strong>29 Rue de Bapaume, 59000, Lille, France<\/strong><br \/>\nDomiciliation\u00a0: <strong>Cr\u00e9dit Coop\u00e9ratif Lille Centre<\/strong><br \/>\nIBAN\u00a0: <strong>FR76 42559 0006121028991403 17<\/strong><\/p>\n","protected":false},"excerpt":{"rendered":"<p>Nous ne cessons de rendre gr\u00e2ce \u00e0 Dieu pour vos divers dons que vous faites \u00e0 son \u0153uvre par l&rsquo;interm\u00e9diaire de l&rsquo;Eglise la Trompette. Chaque semence que vous faites \u00e0 l&rsquo;EACT est utilis\u00e9e pour accomplir la mission: \u00ab\u00a0Pour la cause de l&rsquo;Evangile\u00a0\u00bb et au nom de notre Seigneur JESUS. \u00a0\u00bb J&rsquo;ai \u00e9prouv\u00e9 une grande joie [&hellip;]<\/p>\n","protected":false},"author":2,"featured_media":0,"parent":0,"menu_order":0,"comment_status":"open","ping_status":"open","template":"","meta":{"ngg_post_thumbnail":0},"_links":{"self":[{"href":"http:\/\/www.egliselatrompette.com\/it\/wp-json\/wp\/v2\/pages\/169"}],"collection":[{"href":"http:\/\/www.egliselatrompette.com\/it\/wp-json\/wp\/v2\/pages"}],"about":[{"href":"http:\/\/www.egliselatrompette.com\/it\/wp-json\/wp\/v2\/types\/page"}],"author":[{"embeddable":true,"href":"http:\/\/www.egliselatrompette.com\/it\/wp-json\/wp\/v2\/users\/2"}],"replies":[{"embeddable":true,"href":"http:\/\/www.egliselatrompette.com\/it\/wp-json\/wp\/v2\/comments?post=169"}],"version-history":[{"count":5,"href":"http:\/\/www.egliselatrompette.com\/it\/wp-json\/wp\/v2\/pages\/169\/revisions"}],"predecessor-version":[{"id":293,"href":"http:\/\/www.egliselatrompette.com\/it\/wp-json\/wp\/v2\/pages\/169\/revisions\/293"}],"wp:attachment":[{"href":"http:\/\/www.egliselatrompette.com\/it\/wp-json\/wp\/v2\/media?parent=169"}],"curies":[{"name":"wp","href":"https:\/\/api.w.org\/{rel}","templated":true}]}}